{"id":2,"date":"2025-08-28T18:08:40","date_gmt":"2025-08-28T16:08:40","guid":{"rendered":"https:\/\/rescueandfiremanagement.de\/?page_id=2"},"modified":"2026-02-04T21:13:07","modified_gmt":"2026-02-04T20:13:07","slug":"ubermich","status":"publish","type":"page","link":"https:\/\/rescueandfiremanagement.de\/","title":{"rendered":"\u00dcber mich"},"content":{"rendered":"\n<p>Mein Name ist Kai Damaschke \u2013 ich bin Berufsfeuerwehrmann, H\u00f6henretter und Erste-Hilfe-Ausbilder nach DGUV.<\/p>\n\n\n\n<p>Seit vielen Jahren stehe ich im Einsatz, wenn andere Hilfe brauchen \u2013 ob im st\u00e4dtischen Rettungsdienst, bei technischen Hilfeleistungen oder in Extremsituationen.<\/p>\n\n\n\n<p>Als ehemaliger Soldat und Einsatzveteran, J\u00e4ger und Ausbilder f\u00fcr Verteidigungsschie\u00dfen verbinde ich praktische Erfahrung aus unterschiedlichen Bereichen: Rettung, Taktik und Sicherheit.<\/p>\n\n\n\n<p>Diese Erfahrung bringe ich in meine Kurse und Trainings ein \u2013 realit\u00e4tsnah, praxisorientiert und immer mit dem Ziel, Menschen zu bef\u00e4higen, in Notlagen sicher zu handeln.<\/p>\n\n\n\n<p>Ob im Revier, im Gel\u00e4nde oder im Alltag \u2013 wer vorbereitet ist, kann Leben retten.<\/p>\n\n\n\n<div class=\"wp-block-columns is-layout-flex wp-container-core-columns-is-layout-9d6595d7 wp-block-columns-is-layout-flex\">\n<div class=\"wp-block-column is-layout-flow wp-block-column-is-layout-flow\"><\/div>\n\n\n\n<div class=\"wp-block-column is-layout-flow wp-block-column-is-layout-flow\"><\/div>\n<\/div>\n\n\n\n<figure class=\"wp-block-image size-full is-resized\"><img loading=\"lazy\" decoding=\"async\" width=\"1500\" height=\"2000\" src=\"https:\/\/rescueandfiremanagement.de\/wp-content\/uploads\/2025\/08\/1000308228.jpg\" alt=\"K ai Damaschke\" class=\"wp-image-16\" style=\"aspect-ratio:0.7500049740355345;width:442px;height:auto\" srcset=\"https:\/\/rescueandfiremanagement.de\/wp-content\/uploads\/2025\/08\/1000308228.jpg 1500w, https:\/\/rescueandfiremanagement.de\/wp-content\/uploads\/2025\/08\/1000308228-225x300.jpg 225w, https:\/\/rescueandfiremanagement.de\/wp-content\/uploads\/2025\/08\/1000308228-768x1024.jpg 768w, https:\/\/rescueandfiremanagement.de\/wp-content\/uploads\/2025\/08\/1000308228-1152x1536.jpg 1152w\" sizes=\"auto, (max-width: 1500px) 100vw, 1500px\" \/><\/figure>\n\n\n\n<p>Ich lege gro\u00dfen Wert auf eine praxisorientierte Ausbildung. Neben fundierter Theorie werden alle wichtigen Handgriffe auch in der Praxis ge\u00fcbt. Hier ein paar Einblicke:<\/p>\n\n\n\n<figure class=\"wp-block-gallery has-nested-images columns-default is-cropped wp-block-gallery-1 is-layout-flex wp-block-gallery-is-layout-flex\">\n<figure class=\"wp-block-image size-large\"><img loading=\"lazy\" decoding=\"async\" width=\"768\" height=\"1024\" data-id=\"15\" src=\"https:\/\/rescueandfiremanagement.de\/wp-content\/uploads\/2025\/08\/1000308259-768x1024.jpg\" alt=\"\" class=\"wp-image-15\" srcset=\"https:\/\/rescueandfiremanagement.de\/wp-content\/uploads\/2025\/08\/1000308259-768x1024.jpg 768w, https:\/\/rescueandfiremanagement.de\/wp-content\/uploads\/2025\/08\/1000308259-225x300.jpg 225w, https:\/\/rescueandfiremanagement.de\/wp-content\/uploads\/2025\/08\/1000308259-1152x1536.jpg 1152w, https:\/\/rescueandfiremanagement.de\/wp-content\/uploads\/2025\/08\/1000308259.jpg 1500w\" sizes=\"auto, (max-width: 768px) 100vw, 768px\" \/><\/figure>\n\n\n\n<figure class=\"wp-block-image size-large\"><img loading=\"lazy\" decoding=\"async\" width=\"768\" height=\"1024\" data-id=\"30\" src=\"https:\/\/rescueandfiremanagement.de\/wp-content\/uploads\/2025\/08\/IMG-20250726-WA0009-2-768x1024.jpg\" alt=\"\" class=\"wp-image-30\" srcset=\"https:\/\/rescueandfiremanagement.de\/wp-content\/uploads\/2025\/08\/IMG-20250726-WA0009-2-768x1024.jpg 768w, https:\/\/rescueandfiremanagement.de\/wp-content\/uploads\/2025\/08\/IMG-20250726-WA0009-2-225x300.jpg 225w, https:\/\/rescueandfiremanagement.de\/wp-content\/uploads\/2025\/08\/IMG-20250726-WA0009-2-1152x1536.jpg 1152w, https:\/\/rescueandfiremanagement.de\/wp-content\/uploads\/2025\/08\/IMG-20250726-WA0009-2.jpg 1536w\" sizes=\"auto, (max-width: 768px) 100vw, 768px\" \/><\/figure>\n\n\n\n<figure class=\"wp-block-image size-large\"><img loading=\"lazy\" decoding=\"async\" width=\"1024\" height=\"768\" data-id=\"42\" src=\"https:\/\/rescueandfiremanagement.de\/wp-content\/uploads\/2025\/08\/IMG-20250726-WA0011-1-1024x768.jpg\" alt=\"\" class=\"wp-image-42\" srcset=\"https:\/\/rescueandfiremanagement.de\/wp-content\/uploads\/2025\/08\/IMG-20250726-WA0011-1-1024x768.jpg 1024w, https:\/\/rescueandfiremanagement.de\/wp-content\/uploads\/2025\/08\/IMG-20250726-WA0011-1-300x225.jpg 300w, https:\/\/rescueandfiremanagement.de\/wp-content\/uploads\/2025\/08\/IMG-20250726-WA0011-1-768x576.jpg 768w, https:\/\/rescueandfiremanagement.de\/wp-content\/uploads\/2025\/08\/IMG-20250726-WA0011-1-1536x1152.jpg 1536w, https:\/\/rescueandfiremanagement.de\/wp-content\/uploads\/2025\/08\/IMG-20250726-WA0011-1.jpg 2048w\" sizes=\"auto, (max-width: 1024px) 100vw, 1024px\" \/><\/figure>\n\n\n\n<figure class=\"wp-block-image size-large\"><img loading=\"lazy\" decoding=\"async\" width=\"1024\" height=\"576\" data-id=\"32\" src=\"https:\/\/rescueandfiremanagement.de\/wp-content\/uploads\/2025\/08\/1000357766-1024x576.jpg\" alt=\"\" class=\"wp-image-32\" srcset=\"https:\/\/rescueandfiremanagement.de\/wp-content\/uploads\/2025\/08\/1000357766-1024x576.jpg 1024w, https:\/\/rescueandfiremanagement.de\/wp-content\/uploads\/2025\/08\/1000357766-300x169.jpg 300w, https:\/\/rescueandfiremanagement.de\/wp-content\/uploads\/2025\/08\/1000357766-768x432.jpg 768w, https:\/\/rescueandfiremanagement.de\/wp-content\/uploads\/2025\/08\/1000357766-1536x864.jpg 1536w, https:\/\/rescueandfiremanagement.de\/wp-content\/uploads\/2025\/08\/1000357766.jpg 1599w\" sizes=\"auto, (max-width: 1024px) 100vw, 1024px\" \/><\/figure>\n\n\n\n<figure class=\"wp-block-image size-large\"><img loading=\"lazy\" decoding=\"async\" width=\"768\" height=\"1024\" data-id=\"31\" src=\"https:\/\/rescueandfiremanagement.de\/wp-content\/uploads\/2025\/08\/1000357763-768x1024.jpg\" alt=\"\" class=\"wp-image-31\" srcset=\"https:\/\/rescueandfiremanagement.de\/wp-content\/uploads\/2025\/08\/1000357763-768x1024.jpg 768w, https:\/\/rescueandfiremanagement.de\/wp-content\/uploads\/2025\/08\/1000357763-225x300.jpg 225w, https:\/\/rescueandfiremanagement.de\/wp-content\/uploads\/2025\/08\/1000357763-1152x1536.jpg 1152w, https:\/\/rescueandfiremanagement.de\/wp-content\/uploads\/2025\/08\/1000357763.jpg 1200w\" sizes=\"auto, (max-width: 768px) 100vw, 768px\" \/><\/figure>\n\n\n\n<figure class=\"wp-block-image size-large\"><img loading=\"lazy\" decoding=\"async\" width=\"1024\" height=\"1024\" data-id=\"29\" src=\"https:\/\/rescueandfiremanagement.de\/wp-content\/uploads\/2025\/08\/1000357765-1024x1024.jpg\" alt=\"\" class=\"wp-image-29\" srcset=\"https:\/\/rescueandfiremanagement.de\/wp-content\/uploads\/2025\/08\/1000357765-1024x1024.jpg 1024w, https:\/\/rescueandfiremanagement.de\/wp-content\/uploads\/2025\/08\/1000357765-300x300.jpg 300w, https:\/\/rescueandfiremanagement.de\/wp-content\/uploads\/2025\/08\/1000357765-150x150.jpg 150w, https:\/\/rescueandfiremanagement.de\/wp-content\/uploads\/2025\/08\/1000357765-768x768.jpg 768w, https:\/\/rescueandfiremanagement.de\/wp-content\/uploads\/2025\/08\/1000357765-1536x1536.jpg 1536w, https:\/\/rescueandfiremanagement.de\/wp-content\/uploads\/2025\/08\/1000357765.jpg 2048w\" sizes=\"auto, (max-width: 1024px) 100vw, 1024px\" \/><\/figure>\n\n\n\n<figure class=\"wp-block-image size-large\"><img loading=\"lazy\" decoding=\"async\" width=\"768\" height=\"1024\" data-id=\"27\" src=\"https:\/\/rescueandfiremanagement.de\/wp-content\/uploads\/2025\/08\/1000308268-1-768x1024.jpg\" alt=\"\" class=\"wp-image-27\" srcset=\"https:\/\/rescueandfiremanagement.de\/wp-content\/uploads\/2025\/08\/1000308268-1-768x1024.jpg 768w, https:\/\/rescueandfiremanagement.de\/wp-content\/uploads\/2025\/08\/1000308268-1-225x300.jpg 225w, https:\/\/rescueandfiremanagement.de\/wp-content\/uploads\/2025\/08\/1000308268-1-1152x1536.jpg 1152w, https:\/\/rescueandfiremanagement.de\/wp-content\/uploads\/2025\/08\/1000308268-1.jpg 1500w\" sizes=\"auto, (max-width: 768px) 100vw, 768px\" \/><\/figure>\n\n\n\n<figure class=\"wp-block-image size-large\"><img loading=\"lazy\" decoding=\"async\" width=\"1024\" height=\"768\" data-id=\"11\" src=\"https:\/\/rescueandfiremanagement.de\/wp-content\/uploads\/2025\/08\/1000307238-1024x768.jpg\" alt=\"\" class=\"wp-image-11\" srcset=\"https:\/\/rescueandfiremanagement.de\/wp-content\/uploads\/2025\/08\/1000307238-1024x768.jpg 1024w, https:\/\/rescueandfiremanagement.de\/wp-content\/uploads\/2025\/08\/1000307238-300x225.jpg 300w, https:\/\/rescueandfiremanagement.de\/wp-content\/uploads\/2025\/08\/1000307238-768x576.jpg 768w, https:\/\/rescueandfiremanagement.de\/wp-content\/uploads\/2025\/08\/1000307238-1536x1152.jpg 1536w, https:\/\/rescueandfiremanagement.de\/wp-content\/uploads\/2025\/08\/1000307238-2048x1536.jpg 2048w\" sizes=\"auto, (max-width: 1024px) 100vw, 1024px\" \/><\/figure>\n<\/figure>\n","protected":false},"excerpt":{"rendered":"<p>Mein Name ist Kai Damaschke \u2013 ich bin Berufsfeuerwehrmann, H\u00f6henretter und Erste-Hilfe-Ausbilder nach DGUV. Seit vielen Jahren stehe ich im Einsatz, wenn andere Hilfe brauchen \u2013 ob im st\u00e4dtischen Rettungsdienst, bei technischen Hilfeleistungen oder in Extremsituationen. Als ehemaliger Soldat und Einsatzveteran, J\u00e4ger und Ausbilder f\u00fcr Verteidigungsschie\u00dfen verbinde ich praktische Erfahrung aus unterschiedlichen Bereichen: Rettung, Taktik&#8230;<\/p>\n","protected":false},"author":1,"featured_media":0,"parent":0,"menu_order":0,"comment_status":"closed","ping_status":"open","template":"","meta":{"_kad_post_transparent":"","_kad_post_title":"","_kad_post_layout":"","_kad_post_sidebar_id":"","_kad_post_content_style":"","_kad_post_vertical_padding":"","_kad_post_feature":"","_kad_post_feature_position":"","_kad_post_header":false,"_kad_post_footer":false,"_kad_post_classname":"","footnotes":""},"class_list":["post-2","page","type-page","status-publish","hentry"],"_links":{"self":[{"href":"https:\/\/rescueandfiremanagement.de\/index.php\/wp-json\/wp\/v2\/pages\/2","targetHints":{"allow":["GET"]}}],"collection":[{"href":"https:\/\/rescueandfiremanagement.de\/index.php\/wp-json\/wp\/v2\/pages"}],"about":[{"href":"https:\/\/rescueandfiremanagement.de\/index.php\/wp-json\/wp\/v2\/types\/page"}],"author":[{"embeddable":true,"href":"https:\/\/rescueandfiremanagement.de\/index.php\/wp-json\/wp\/v2\/users\/1"}],"replies":[{"embeddable":true,"href":"https:\/\/rescueandfiremanagement.de\/index.php\/wp-json\/wp\/v2\/comments?post=2"}],"version-history":[{"count":10,"href":"https:\/\/rescueandfiremanagement.de\/index.php\/wp-json\/wp\/v2\/pages\/2\/revisions"}],"predecessor-version":[{"id":127,"href":"https:\/\/rescueandfiremanagement.de\/index.php\/wp-json\/wp\/v2\/pages\/2\/revisions\/127"}],"wp:attachment":[{"href":"https:\/\/rescueandfiremanagement.de\/index.php\/wp-json\/wp\/v2\/media?parent=2"}],"curies":[{"name":"wp","href":"https:\/\/api.w.org\/{rel}","templated":true}]}}